{"id":451,"date":"2020-07-07T21:29:03","date_gmt":"2020-07-07T19:29:03","guid":{"rendered":"https:\/\/kistowski.shop\/?page_id=451"},"modified":"2020-07-07T21:41:30","modified_gmt":"2020-07-07T19:41:30","slug":"about-us","status":"publish","type":"page","link":"https:\/\/kistowski.shop\/it\/about-us\/","title":{"rendered":"Chi siamo"},"content":{"rendered":"<p>I riduttori offerti dalla nostra azienda sono soggetti ad un processo di rigenerazione completo e non, come avviene per molti altri fornitori che eseguono solo la rigenerazione parziale, spesso su pezzi di ricambio usati.<\/p>\n<p>Pertanto, il riduttore acquistato nella nostra azienda \u00e8 di nuovo nelle condizioni di fabbrica ed \u00e8 di altissima qualit\u00e0, poich\u00e9 per il processo di rigenerazione utilizziamo nuovi pezzi di ricambio di fornitori rinomati come FAG, INA, SKF, Timken.<\/p>\n<p>Il cambio revisionato viene venduto solo in cambio del vostro cambio danneggiato. L&#8217;opzione pi\u00f9 vantaggiosa \u00e8 che se il vostro cambio \u00e8 smontato e pronto per essere ritirato alla consegna di uno nuovo, allora risparmiate i costi di restituzione del cambio danneggiato e non dovete pagare un deposito.<\/p>\n<p>I riduttori vengono forniti &#8220;a secco&#8221;, cio\u00e8 non riempiti di olio per ingranaggi. Anche un riduttore di ricambio difettoso deve essere svuotato dell&#8217;olio.<\/p>\n","protected":false},"excerpt":{"rendered":"<p>I riduttori offerti dalla nostra azienda sono soggetti ad un processo di rigenerazione completo e non, come avviene per molti altri fornitori che eseguono solo la rigenerazione parziale, spesso su pezzi di ricambio usati. Pertanto, il riduttore acquistato nella nostra azienda \u00e8 di nuovo nelle condizioni di fabbrica ed \u00e8 di altissima qualit\u00e0, poich\u00e9 per [&hellip;]<\/p>\n","protected":false},"author":1,"featured_media":419,"parent":0,"menu_order":2,"comment_status":"closed","ping_status":"closed","template":"inc\/template-about.php","meta":[],"_links":{"self":[{"href":"https:\/\/kistowski.shop\/it\/wp-json\/wp\/v2\/pages\/451"}],"collection":[{"href":"https:\/\/kistowski.shop\/it\/wp-json\/wp\/v2\/pages"}],"about":[{"href":"https:\/\/kistowski.shop\/it\/wp-json\/wp\/v2\/types\/page"}],"author":[{"embeddable":true,"href":"https:\/\/kistowski.shop\/it\/wp-json\/wp\/v2\/users\/1"}],"replies":[{"embeddable":true,"href":"https:\/\/kistowski.shop\/it\/wp-json\/wp\/v2\/comments?post=451"}],"version-history":[{"count":0,"href":"https:\/\/kistowski.shop\/it\/wp-json\/wp\/v2\/pages\/451\/revisions"}],"wp:featuredmedia":[{"embeddable":true,"href":"https:\/\/kistowski.shop\/it\/wp-json\/wp\/v2\/media\/419"}],"wp:attachment":[{"href":"https:\/\/kistowski.shop\/it\/wp-json\/wp\/v2\/media?parent=451"}],"curies":[{"name":"wp","href":"https:\/\/api.w.org\/{rel}","templated":true}]}}