{"id":486,"date":"2020-05-13T15:39:38","date_gmt":"2020-05-13T13:39:38","guid":{"rendered":"https:\/\/kistowski.shop\/?page_id=486"},"modified":"2020-12-02T09:14:14","modified_gmt":"2020-12-02T08:14:14","slug":"privacy-policy","status":"publish","type":"page","link":"https:\/\/kistowski.shop\/fr\/privacy-policy\/","title":{"rendered":"Politique de confidentialit\u00e9"},"content":{"rendered":"<p>Cette politique de confidentialit\u00e9 d\u00e9finit les r\u00e8gles de stockage et d&#8217;acc\u00e8s aux informations sur les appareils de l&#8217;utilisateur au moyen de cookies, qui sont utilis\u00e9s pour fournir des services fournis par des moyens \u00e9lectroniques demand\u00e9s par l&#8217;utilisateur, par J\u0119drzej Kistowski Firma Kistowski Stwanki No. 2, 64-130 Rydzyna, NIP :. 69719230871.<\/p>\n<ol>\n<li><strong> D\u00e9finitions: <\/strong>\n<ol>\n<li>Administrateur &#8211; signifie J\u0119drzej Kistowski Firma Kistowski Stwanki No. 2, 64-130 Rydzyna, NIP : 6971923087, qui est l&#8217;administrateur des donn\u00e9es personnelles, stocke et acc\u00e8de aux informations dans les appareils de l&#8217;utilisateur et fournit des services par voie \u00e9lectronique.<\/li>\n<li>Cookies &#8211; d\u00e9signe les donn\u00e9es informatiques, en particulier les petits fichiers texte, enregistr\u00e9es et stock\u00e9es sur les dispositifs par lesquels l&#8217;utilisateur utilise le site web.<\/li>\n<li>Cookies de l&#8217;Administrateur &#8211; d\u00e9signe les Cookies plac\u00e9s par l&#8217;Administrateur, li\u00e9s \u00e0 la fourniture de services par voie \u00e9lectronique par l&#8217;Administrateur via le Service.<\/li>\n<li>Cookies externes &#8211; d\u00e9signe les Cookies plac\u00e9s par les partenaires de l&#8217;Administrateur, par le biais du site web du Service.<\/li>\n<li>Service &#8211; d\u00e9signe le site web, sous lequel l&#8217;administrateur g\u00e8re le service Internet, op\u00e9rant dans le domaine https:\/\/www.kistowski.shop\/.<\/li>\n<li>Dispositif &#8211; d\u00e9signe un dispositif \u00e9lectronique par lequel l&#8217;Utilisateur acc\u00e8de au Service.<\/li>\n<li>utilisateur &#8211; d\u00e9signe une entit\u00e9 au profit de laquelle, conform\u00e9ment aux dispositions de la loi, des services peuvent \u00eatre fournis par voie \u00e9lectronique ou avec laquelle un accord sur la fourniture de services par voie \u00e9lectronique peut \u00eatre conclu, qui, par le biais du service, a confi\u00e9 des donn\u00e9es personnelles \u00e0 l&#8217;administrateur.<\/li>\n<\/ol>\n<\/li>\n<li><strong>Finalit\u00e9s, conditions de stockage et de traitement des donn\u00e9es \u00e0 caract\u00e8re personnel et des cookies<\/strong>\n<ol>\n<li>Le traitement des donn\u00e9es \u00e0 caract\u00e8re personnel aura lieu:\n<ul>\n<li>pour remplir des obligations contractuelles,<\/li>\n<li>pour remplir des obligations l\u00e9gales,<\/li>\n<li>\u00e0 des fins r\u00e9sultant d&#8217;int\u00e9r\u00eats l\u00e9gitimes poursuivis par l&#8217;administrateur ou un tiers.<\/li>\n<\/ul>\n<p>Le traitement des donn\u00e9es personnelles sera effectu\u00e9 conform\u00e9ment aux actes juridiques pertinents &#8211; la loi sur la protection des donn\u00e9es personnelles, la loi sur la fourniture de services \u00e9lectroniques, ainsi que tous les types d&#8217;actes ex\u00e9cutifs et les actes de droit de l&#8217;Union europ\u00e9enne.<\/li>\n<li>Les donn\u00e9es personnelles sont trait\u00e9es sur la base du consentement donn\u00e9 par l&#8217;utilisateur et dans les cas o\u00f9 les r\u00e9glementations l\u00e9gales autorisent l&#8217;administrateur \u00e0 traiter les donn\u00e9es personnelles sur la base de r\u00e9glementations l\u00e9gales ou dans le but d&#8217;ex\u00e9cuter un accord conclu entre les parties.<\/li>\n<li>Le service a pour fonction d&#8217;obtenir des informations sur les utilisateurs et leur comportement de la mani\u00e8re suivante:\n<ul>\n<li>gr\u00e2ce aux informations volontairement saisies dans les formulaires,<\/li>\n<li>en collectant des &#8220;cookies&#8221;.<\/li>\n<\/ul>\n<\/li>\n<li>Le service recueille les informations fournies volontairement par l&#8217;utilisateur.<\/li>\n<li>Les donn\u00e9es fournies dans le formulaire sont trait\u00e9es pour la finalit\u00e9 r\u00e9sultant de la fonction d&#8217;un formulaire particulier, par exemple pour traiter le contact d&#8217;information.<\/li>\n<li>Les donn\u00e9es personnelles laiss\u00e9es dans le Service ne doivent pas \u00eatre vendues ou mises \u00e0 la disposition de tiers sans le consentement de l&#8217;Utilisateur.<\/li>\n<li>Les donn\u00e9es contenues dans le formulaire sont accessibles \u00e0 la personne physique qui les y a plac\u00e9es. Cette personne a \u00e9galement le droit de modifier et d&#8217;arr\u00eater le traitement de ses donn\u00e9es \u00e0 tout moment.<\/li>\n<li>Le service peut contenir des liens vers d&#8217;autres sites web. Ces sites web fonctionnent ind\u00e9pendamment du Service et ne sont en aucun cas contr\u00f4l\u00e9s par https:\/\/www.kistowski.shop\/. Ces sites peuvent avoir leurs propres politiques et r\u00e8glements en mati\u00e8re de protection de la vie priv\u00e9e, que nous vous recommandons de lire. En cas de doute sur l&#8217;une des dispositions de la pr\u00e9sente politique de confidentialit\u00e9, nous sommes \u00e0 votre disposition.<\/li>\n<li>La politique de confidentialit\u00e9 peut \u00eatre modifi\u00e9e par l&#8217;administrateur dans le futur.<\/li>\n<\/ol>\n<\/li>\n<li><strong>Traitement des donn\u00e9es \u00e0 caract\u00e8re personnel<\/strong>\n<ol>\n<li>L&#8217;administrateur des donn\u00e9es traite les donn\u00e9es personnelles des utilisateurs principalement dans le but et dans la mesure n\u00e9cessaires \u00e0 leur utilisation du service, en passant des commandes et en concluant des contrats avec l&#8217;administrateur.<\/li>\n<li>Les donn\u00e9es personnelles sont collect\u00e9es au cours du processus de commande. Ces donn\u00e9es sont:\n<ul>\n<li>le nom ou la raison sociale,<\/li>\n<li>l&#8217;adresse,<\/li>\n<li>PESEL ou NIP,<\/li>\n<li>le num\u00e9ro de t\u00e9l\u00e9phone,<\/li>\n<li>l&#8217;adresse \u00e9lectronique (adresse de courrier \u00e9lectronique).<\/li>\n<\/ul>\n<\/li>\n<li>L&#8217;administrateur peut traiter les donn\u00e9es des utilisateurs \u00e0 des fins de marketing, \u00e0 condition que l&#8217;utilisateur donne son consentement distinct.<\/li>\n<li>L&#8217;administrateur peut traiter les donn\u00e9es des utilisateurs \u00e0 des fins statistiques afin de maintenir et d&#8217;am\u00e9liorer les services et l&#8217;offre du service, de mani\u00e8re \u00e0 satisfaire les besoins des utilisateurs.<\/li>\n<li>Les destinataires des donn\u00e9es \u00e0 caract\u00e8re personnel peuvent \u00eatre les employ\u00e9s de l&#8217;administrateur, les soci\u00e9t\u00e9s de messagerie, les \u00e9tablissements de paiement, les prestataires de services informatiques (par exemple, les fournisseurs de serveurs et de logiciels, les programmeurs), les prestataires de services comptables.<\/li>\n<li>Les donn\u00e9es seront conserv\u00e9es pendant la p\u00e9riode requise par la r\u00e9glementation fiscale, augment\u00e9e du d\u00e9lai de prescription des \u00e9ventuelles r\u00e9clamations de l&#8217;administrateur et du client.<\/li>\n<li>L&#8217;utilisateur a le droit de compl\u00e9ter, mettre \u00e0 jour, corriger, suspendre ou supprimer temporairement ou d\u00e9finitivement les donn\u00e9es personnelles si elles sont incompl\u00e8tes, p\u00e9rim\u00e9es, fausses ou ont \u00e9t\u00e9 collect\u00e9es en violation de la loi ou ne sont plus n\u00e9cessaires pour le but pour lequel elles ont \u00e9t\u00e9 collect\u00e9es.<\/li>\n<li>Le contr\u00f4leur des donn\u00e9es se r\u00e9serve le droit de refuser de supprimer les donn\u00e9es de l&#8217;utilisateur si leur conservation est n\u00e9cessaire \u00e0 la r\u00e9alisation de revendications ou si elle est requise par le droit applicable.<\/li>\n<li>Aux donn\u00e9es personnelles collect\u00e9es par l&#8217;administrateur des donn\u00e9es n&#8217;ont acc\u00e8s direct que les employ\u00e9s ou collaborateurs autoris\u00e9s de l&#8217;administrateur des donn\u00e9es et les personnes autoris\u00e9es s&#8217;occupant du service, qui ont re\u00e7u les procurations appropri\u00e9es.<\/li>\n<li>Les donn\u00e9es personnelles de l&#8217;utilisateur peuvent \u00eatre mises \u00e0 la disposition des entit\u00e9s autoris\u00e9es \u00e0 les recevoir en vertu des dispositions l\u00e9gales contraignantes, et notamment des autorit\u00e9s judiciaires comp\u00e9tentes.<\/li>\n<li>L&#8217;administrateur des donn\u00e9es d\u00e9clare qu&#8217;il traite les donn\u00e9es personnelles des utilisateurs conform\u00e9ment \u00e0 la loi du 10 mai 2018. 3.10. Le responsable du traitement d\u00e9clare qu&#8217;il traite les donn\u00e9es personnelles des utilisateurs conform\u00e9ment \u00e0 la loi du 10 mai 2018 sur la protection des donn\u00e9es \u00e0 caract\u00e8re personnel et au r\u00e8glement (UE) 2016\/679 du Parlement europ\u00e9en et du Conseil du 27 avril 2016 relatif \u00e0 la protection des personnes physiques \u00e0 l&#8217;\u00e9gard du traitement des donn\u00e9es \u00e0 caract\u00e8re personnel et \u00e0 la libre circulation de ces donn\u00e9es et abrogeant la directive 95\/46\/CE (r\u00e8glement g\u00e9n\u00e9ral sur la protection des donn\u00e9es &#8211; TODO) de mani\u00e8re \u00e0 emp\u00eacher l&#8217;acc\u00e8s de tiers. Le responsable du traitement applique des mesures techniques et organisationnelles pour assurer la protection des donn\u00e9es trait\u00e9es en fonction des risques et des cat\u00e9gories de donn\u00e9es \u00e0 prot\u00e9ger, et notamment pour prot\u00e9ger les donn\u00e9es \u00e0 caract\u00e8re personnel des utilisateurs contre tout acc\u00e8s non autoris\u00e9, toute perte ou tout dommage.<\/li>\n<\/ol>\n<\/li>\n<li><strong>Politique en mati\u00e8re de cookies<\/strong>\n<ol>\n<li>Le Service g\u00e9r\u00e9 par l&#8217;Administrateur utilise des fichiers &#8220;cookies&#8221;. Si l&#8217;utilisateur ne modifie pas les param\u00e8tres du navigateur, cela \u00e9quivaut \u00e0 consentir \u00e0 leur utilisation. Les fichiers de cookies sont plac\u00e9s sur l&#8217;appareil que l&#8217;Utilisateur utilise pour naviguer dans le Service, afin de recueillir des informations sur ses visites au Service. Certaines informations sont n\u00e9cessaires au bon fonctionnement du site web.<\/li>\n<li>Que sont les &#8220;cookies&#8221; et \u00e0 quoi servent-ils ?<br \/>\nLes cookies sont de petits fichiers texte enregistr\u00e9s sur l&#8217;appareil final de l&#8217;utilisateur (ordinateur, portable, tablette, smartphone, etc.) lors de la navigation sur certains sites web. Nous utilisons des cookies, par exemple, pour d\u00e9terminer si vous nous visitez pour la premi\u00e8re fois ou pour d\u00e9terminer les fonctions de notre site web qui pourraient vous int\u00e9resser particuli\u00e8rement. Ces fichiers peuvent am\u00e9liorer consid\u00e9rablement l&#8217;utilisation de notre site web en enregistrant vos pr\u00e9f\u00e9rences lors de votre visite. La plupart des navigateurs web vous indiqueront comment bloquer l&#8217;acceptation de nouveaux cookies et comment bloquer les cookies existants. Toutefois, vous devez noter que si vous n&#8217;acceptez pas les cookies de votre site web, vous risquez de ne pas pouvoir utiliser toutes les fonctionnalit\u00e9s du site.<\/li>\n<li>Quels types de &#8220;cookies&#8221; sont utilis\u00e9s par le site web?<br \/>\nLe site web utilise trois types de &#8220;cookies&#8221; : les cookies &#8220;de session&#8221;, &#8220;permanents&#8221; et &#8220;analytiques&#8221;.<\/p>\n<ul>\n<li>Les cookies de &#8220;session&#8221; sont des fichiers temporaires, qui sont stock\u00e9s dans le terminal de l&#8217;utilisateur jusqu&#8217;\u00e0 la d\u00e9connexion (sortie du magasin).<\/li>\n<li>Les &#8220;cookies&#8221; &#8220;permanents&#8221; sont stock\u00e9s dans l&#8217;\u00e9quipement terminal de l&#8217;utilisateur pendant la dur\u00e9e sp\u00e9cifi\u00e9e dans les param\u00e8tres des &#8220;cookies&#8221; ou jusqu&#8217;\u00e0 leur suppression par l&#8217;utilisateur.<\/li>\n<li>Les &#8220;cookies&#8221; &#8220;analytiques&#8221; permettent une meilleure connaissance du mode d&#8217;interaction de l&#8217;Utilisateur dans le cadre du contenu du Service, une meilleure organisation de sa mise en page. &#8220;Les &#8220;cookies&#8221; analytiques collectent des informations sur la mani\u00e8re dont l&#8217;Utilisateur utilise le Service, le type de page \u00e0 partir de laquelle l&#8217;Utilisateur a \u00e9t\u00e9 redirig\u00e9, le nombre de visites et l&#8217;heure de la visite de l&#8217;Utilisateur au Service. Ces informations n&#8217;enregistrent pas de donn\u00e9es personnelles sp\u00e9cifiques de l&#8217;utilisateur, mais sont utilis\u00e9es pour \u00e9laborer des statistiques sur l&#8217;utilisation du service.<\/li>\n<\/ul>\n<\/li>\n<li>L&#8217;Utilisateur a le droit de d\u00e9cider de l&#8217;acc\u00e8s des cookies \u00e0 son ordinateur en les s\u00e9lectionnant dans la fen\u00eatre de son navigateur. Des informations d\u00e9taill\u00e9es sur les possibilit\u00e9s et les mani\u00e8res de traiter les cookies sont disponibles dans les param\u00e8tres du logiciel (navigateur Internet).<\/li>\n<li>Les cookies ne stockent pas les donn\u00e9es personnelles des utilisateurs du service.<\/li>\n<li>Informations compl\u00e9mentaires concernant les fichiers de cookies utilis\u00e9s dans le Service:\n<ol>\n<li>Fichiers t\u00e9moins n\u00e9cessaires:<br \/>\nLes fichiers de ce type permettent la libre circulation dans le service https:\/\/www.kistowski.shop\/ et l&#8217;utilisation de toutes ses fonctions, telles que l&#8217;acc\u00e8s aux zones s\u00e9curis\u00e9es du site (apr\u00e8s connexion). L&#8217;absence de ces fichiers rend impossible l&#8217;utilisation, entre autres, de la fonction shopping.<\/li>\n<li>Cookies li\u00e9s \u00e0 l&#8217;am\u00e9lioration des performances:<br \/>\nCes types de cookies collectent des informations sur la mani\u00e8re dont l&#8217;utilisateur utilise le site, par exemple les pages qu&#8217;il visite le plus souvent et s&#8217;il re\u00e7oit des messages d&#8217;erreur de ces sites. Toutes les informations collect\u00e9es de cette mani\u00e8re sont agr\u00e9g\u00e9es et anonymes et ne sont utilis\u00e9es que pour am\u00e9liorer le fonctionnement du site web et \u00e0 des fins statistiques.<\/li>\n<li>Cookies li\u00e9s \u00e0 la fonctionnalit\u00e9:<br \/>\nLes cookies de ce type permettent au site web de m\u00e9moriser les choix de l&#8217;utilisateur et de fournir des fonctions am\u00e9lior\u00e9es et plus personnalis\u00e9es (par exemple, la mani\u00e8re dont les produits sont affich\u00e9s et pr\u00e9sent\u00e9s sur le site web). Ces types de cookies peuvent \u00e9galement \u00eatre utilis\u00e9s pour m\u00e9moriser les modifications apport\u00e9es \u00e0 la taille du texte, aux polices de caract\u00e8res et \u00e0 d&#8217;autres \u00e9l\u00e9ments personnalisables du site. Ils peuvent \u00e9galement \u00eatre utilis\u00e9s pour fournir les services que vous demandez, comme l&#8217;ajout de commentaires sur un forum. Les fichiers et les informations ainsi recueillis peuvent \u00eatre anonymes et ne peuvent \u00eatre utilis\u00e9s pour suivre votre activit\u00e9 sur d&#8217;autres sites web.<\/li>\n<li>Cookies li\u00e9s au ciblage et \u00e0 la publicit\u00e9:<br \/>\nSur la base de ces fichiers, les sites web affichent des publicit\u00e9s aux utilisateurs qui peuvent les int\u00e9resser. Les fichiers sont \u00e9galement utilis\u00e9s pour limiter le nombre d&#8217;impressions d&#8217;une publicit\u00e9 donn\u00e9e et permettent de mesurer l&#8217;efficacit\u00e9 des activit\u00e9s publicitaires. Ils sont g\u00e9n\u00e9ralement plac\u00e9s par les r\u00e9seaux et les agences de publicit\u00e9 avec notre accord. Ils se souviennent qu&#8217;un utilisateur a visit\u00e9 un site web donn\u00e9 et mettent ces informations \u00e0 la disposition d&#8217;autres organisations, par exemple des annonceurs.<\/li>\n<\/ol>\n<\/li>\n<\/ol>\n<\/li>\n<li><strong>Transfert de donn\u00e9es \u00e0 caract\u00e8re personnel aux organismes de traitement des paiements en ligne:<\/strong>\n<ol>\n<li>Les donn\u00e9es personnelles seront transf\u00e9r\u00e9es \u00e0 des tiers si l&#8217;utilisateur choisit de payer en utilisant des fournisseurs de paiement en ligne comme mode de paiement.<\/li>\n<li>L&#8217;administrateur coop\u00e8re avec les entit\u00e9s suivantes qui effectuent des paiements en ligne:<br \/>\nDotpay Sp. z o.o. dont le si\u00e8ge est \u00e0 Cracovie, 30-552 Cracovie, 28b rue Wielicka, enregistr\u00e9e par le Tribunal d&#8217;arrondissement de Cracovie &#8211; \u015ar\u00f3dmie\u015bcie \u00e0 Cracovie, XI D\u00e9partement \u00e9conomique du Registre national des tribunaux sous le num\u00e9ro 0000700791, ayant le num\u00e9ro de TVA 634-26-61-860, le num\u00e9ro de TVA de l&#8217;UE PL6342661860, le num\u00e9ro REGON 240770255 et le capital social de 4 000 000,00 PLN, enti\u00e8rement pay\u00e9 en esp\u00e8ces.<\/li>\n<li>Le transfert de donn\u00e9es \u00e0 caract\u00e8re personnel doit \u00eatre fond\u00e9 sur des clauses contractuelles types, connues sous le nom de &#8220;Privacy Shield&#8221;, qui assurent un niveau de protection ad\u00e9quat.<\/li>\n<li>Cat\u00e9gories de donn\u00e9es \u00e0 caract\u00e8re personnel \u00e0 transf\u00e9rer:\n<ul>\n<li>Adresses IP,<\/li>\n<li>les identifiants uniques associ\u00e9s au navigateur utilis\u00e9 par le client (c&#8217;est-\u00e0-dire les cookies), c) le type et les param\u00e8tres du navigateur et du dispositif,<\/li>\n<li>activit\u00e9 sur https:\/\/www.kistowski.shop\/,<\/li>\n<li>les sources des visites,<\/li>\n<li>des informations sur les achats, les moyens de paiement et de livraison.<\/li>\n<\/ul>\n<\/li>\n<\/ol>\n<\/li>\n<li><strong>\u00a0Le droit de contr\u00f4ler, d&#8217;acc\u00e9der et de rectifier le contenu de ses propres donn\u00e9es<\/strong>\n<ol>\n<li>La personne concern\u00e9e a le droit d&#8217;acc\u00e8s au contenu de ses donn\u00e9es \u00e0 caract\u00e8re personnel et le droit de rectification, d&#8217;effacement, de limitation du traitement, le droit \u00e0 la portabilit\u00e9 des donn\u00e9es, le droit d&#8217;opposition, le droit de retirer son consentement \u00e0 tout moment sans affecter la lic\u00e9it\u00e9 du traitement effectu\u00e9 sur la base du consentement avant le retrait.<\/li>\n<li>Afin d&#8217;exercer les droits vis\u00e9s au paragraphe 1 et de signaler tout \u00e9v\u00e9nement qui affecte la s\u00e9curit\u00e9 du transfert d&#8217;informations, un courrier \u00e9lectronique appropri\u00e9 peut \u00eatre envoy\u00e9 \u00e0 l&#8217;adresse suivante : kontakt@kistowski.shop.<\/li>\n<li>La personne concern\u00e9e a le droit de d\u00e9poser une plainte aupr\u00e8s de l&#8217;autorit\u00e9 de contr\u00f4le, \u00e0 savoir le pr\u00e9sident de l&#8217;Office pour la protection des donn\u00e9es \u00e0 caract\u00e8re personnel.<\/li>\n<\/ol>\n<\/li>\n<li><strong>Dispositions finales<\/strong>\n<ol>\n<li>Le responsable du traitement applique des mesures techniques et organisationnelles garantissant la protection des donn\u00e9es \u00e0 caract\u00e8re personnel trait\u00e9es, adapt\u00e9es aux risques et aux cat\u00e9gories de donn\u00e9es couverts par la protection, et en particulier, il prot\u00e8ge les donn\u00e9es contre l&#8217;acc\u00e8s non autoris\u00e9, l&#8217;enl\u00e8vement par une personne non autoris\u00e9e, le traitement en violation de la r\u00e9glementation applicable et la modification, la perte, l&#8217;endommagement ou la destruction.<\/li>\n<li>L&#8217;administrateur met \u00e0 disposition des moyens techniques appropri\u00e9s pour emp\u00eacher l&#8217;acquisition et la modification par des personnes non autoris\u00e9es de donn\u00e9es \u00e0 caract\u00e8re personnel transmises par voie \u00e9lectronique.<\/li>\n<li>Dans les mati\u00e8res non r\u00e9gies par la pr\u00e9sente politique de confidentialit\u00e9, les dispositions du r\u00e8glement (UE) 2016\/679 du Parlement europ\u00e9en et du Conseil du 27 avril 2016 relatif \u00e0 la protection des personnes physiques \u00e0 l&#8217;\u00e9gard du traitement des donn\u00e9es \u00e0 caract\u00e8re personnel et \u00e0 la libre circulation de ces donn\u00e9es et abrogeant la directive 95\/46\/CE (COD) et les autres dispositions pertinentes du droit polonais s&#8217;appliquent en cons\u00e9quence.<\/li>\n<li>L&#8217;administrateur s&#8217;engage \u00e0 revoir r\u00e9guli\u00e8rement la pr\u00e9sente politique de confidentialit\u00e9 et \u00e0 la modifier lorsque cela est n\u00e9cessaire ou souhaitable : nouvelles r\u00e9glementations juridiques, nouvelles lignes directrices des autorit\u00e9s charg\u00e9es de la supervision des processus de protection des donn\u00e9es personnelles, meilleures pratiques appliqu\u00e9es dans le domaine de la protection des donn\u00e9es personnelles. L&#8217;administrateur se r\u00e9serve \u00e9galement le droit de modifier la pr\u00e9sente politique de confidentialit\u00e9 en cas de changements dans la technologie par laquelle il traite les donn\u00e9es personnelles et si la modification de cette politique affecte la formulation de la pr\u00e9sente politique, ainsi qu&#8217;en cas de changements dans les modalit\u00e9s, les objectifs ou la base juridique du traitement des donn\u00e9es personnelles.<\/li>\n<\/ol>\n<\/li>\n<\/ol>\n","protected":false},"excerpt":{"rendered":"<p>Cette politique de confidentialit\u00e9 d\u00e9finit les r\u00e8gles de stockage et d&#8217;acc\u00e8s aux informations sur les appareils de l&#8217;utilisateur au moyen de cookies, qui sont utilis\u00e9s pour fournir des services fournis par des moyens \u00e9lectroniques demand\u00e9s par l&#8217;utilisateur, par J\u0119drzej Kistowski Firma Kistowski Stwanki No. 2, 64-130 Rydzyna, NIP :. 69719230871. D\u00e9finitions: Administrateur &#8211; signifie J\u0119drzej [&hellip;]<\/p>\n","protected":false},"author":1,"featured_media":447,"parent":0,"menu_order":20,"comment_status":"closed","ping_status":"closed","template":"","meta":[],"_links":{"self":[{"href":"https:\/\/kistowski.shop\/fr\/wp-json\/wp\/v2\/pages\/486"}],"collection":[{"href":"https:\/\/kistowski.shop\/fr\/wp-json\/wp\/v2\/pages"}],"about":[{"href":"https:\/\/kistowski.shop\/fr\/wp-json\/wp\/v2\/types\/page"}],"author":[{"embeddable":true,"href":"https:\/\/kistowski.shop\/fr\/wp-json\/wp\/v2\/users\/1"}],"replies":[{"embeddable":true,"href":"https:\/\/kistowski.shop\/fr\/wp-json\/wp\/v2\/comments?post=486"}],"version-history":[{"count":2,"href":"https:\/\/kistowski.shop\/fr\/wp-json\/wp\/v2\/pages\/486\/revisions"}],"predecessor-version":[{"id":1927,"href":"https:\/\/kistowski.shop\/fr\/wp-json\/wp\/v2\/pages\/486\/revisions\/1927"}],"wp:featuredmedia":[{"embeddable":true,"href":"https:\/\/kistowski.shop\/fr\/wp-json\/wp\/v2\/media\/447"}],"wp:attachment":[{"href":"https:\/\/kistowski.shop\/fr\/wp-json\/wp\/v2\/media?parent=486"}],"curies":[{"name":"wp","href":"https:\/\/api.w.org\/{rel}","templated":true}]}}