{"id":457,"date":"2020-07-07T21:45:24","date_gmt":"2020-07-07T19:45:24","guid":{"rendered":"https:\/\/kistowski.shop\/?page_id=457"},"modified":"2020-07-07T21:45:46","modified_gmt":"2020-07-07T19:45:46","slug":"about-us","status":"publish","type":"page","link":"https:\/\/kistowski.shop\/fr\/about-us\/","title":{"rendered":"\u00c0 propos de nous"},"content":{"rendered":"<p>Les bo\u00eetes de vitesses propos\u00e9es par notre soci\u00e9t\u00e9 sont soumises \u00e0 un processus de r\u00e9g\u00e9n\u00e9ration complet et non, comme c&#8217;est le cas chez de nombreux autres fournisseurs qui n&#8217;effectuent qu&#8217;une r\u00e9g\u00e9n\u00e9ration partielle, souvent sur des pi\u00e8ces de rechange usag\u00e9es.<\/p>\n<p>Par cons\u00e9quent, la bo\u00eete de vitesses achet\u00e9e dans notre entreprise est \u00e0 nouveau dans son \u00e9tat d&#8217;origine et est de la plus haute qualit\u00e9, car nous utilisons pour le processus de r\u00e9g\u00e9n\u00e9ration des pi\u00e8ces de rechange neuves provenant de fournisseurs renomm\u00e9s tels que FAG, INA, SKF, Timken.<\/p>\n<p>La bo\u00eete de vitesses remise \u00e0 neuf n&#8217;est vendue qu&#8217;en \u00e9change de votre bo\u00eete de vitesses endommag\u00e9e. L&#8217;option la plus avantageuse est que si votre bo\u00eete de vitesses est d\u00e9mont\u00e9e et pr\u00eate \u00e0 \u00eatre r\u00e9cup\u00e9r\u00e9e \u00e0 la livraison d&#8217;une nouvelle, vous vous \u00e9pargnez les frais de retour de la bo\u00eete de vitesses endommag\u00e9e et vous n&#8217;avez pas \u00e0 payer de caution.<\/p>\n<p>Les bo\u00eetes de vitesses sont livr\u00e9es &#8220;s\u00e8ches&#8221;, c&#8217;est-\u00e0-dire non remplies d&#8217;huile pour engrenages. Une bo\u00eete de vitesses de remplacement d\u00e9fectueuse doit \u00e9galement \u00eatre vid\u00e9e de son huile.<\/p>\n","protected":false},"excerpt":{"rendered":"<p>Les bo\u00eetes de vitesses propos\u00e9es par notre soci\u00e9t\u00e9 sont soumises \u00e0 un processus de r\u00e9g\u00e9n\u00e9ration complet et non, comme c&#8217;est le cas chez de nombreux autres fournisseurs qui n&#8217;effectuent qu&#8217;une r\u00e9g\u00e9n\u00e9ration partielle, souvent sur des pi\u00e8ces de rechange usag\u00e9es. Par cons\u00e9quent, la bo\u00eete de vitesses achet\u00e9e dans notre entreprise est \u00e0 nouveau dans son \u00e9tat [&hellip;]<\/p>\n","protected":false},"author":1,"featured_media":417,"parent":0,"menu_order":2,"comment_status":"closed","ping_status":"closed","template":"inc\/template-about.php","meta":[],"_links":{"self":[{"href":"https:\/\/kistowski.shop\/fr\/wp-json\/wp\/v2\/pages\/457"}],"collection":[{"href":"https:\/\/kistowski.shop\/fr\/wp-json\/wp\/v2\/pages"}],"about":[{"href":"https:\/\/kistowski.shop\/fr\/wp-json\/wp\/v2\/types\/page"}],"author":[{"embeddable":true,"href":"https:\/\/kistowski.shop\/fr\/wp-json\/wp\/v2\/users\/1"}],"replies":[{"embeddable":true,"href":"https:\/\/kistowski.shop\/fr\/wp-json\/wp\/v2\/comments?post=457"}],"version-history":[{"count":0,"href":"https:\/\/kistowski.shop\/fr\/wp-json\/wp\/v2\/pages\/457\/revisions"}],"wp:featuredmedia":[{"embeddable":true,"href":"https:\/\/kistowski.shop\/fr\/wp-json\/wp\/v2\/media\/417"}],"wp:attachment":[{"href":"https:\/\/kistowski.shop\/fr\/wp-json\/wp\/v2\/media?parent=457"}],"curies":[{"name":"wp","href":"https:\/\/api.w.org\/{rel}","templated":true}]}}