{"id":488,"date":"2020-05-13T15:39:38","date_gmt":"2020-05-13T13:39:38","guid":{"rendered":"https:\/\/kistowski.shop\/?page_id=488"},"modified":"2020-12-02T09:16:17","modified_gmt":"2020-12-02T08:16:17","slug":"privacy-policy","status":"publish","type":"page","link":"https:\/\/kistowski.shop\/de\/privacy-policy\/","title":{"rendered":"Datenschutzerkl\u00e4rung"},"content":{"rendered":"<p><span style=\"font-weight: 400;\">Die vorliegende Datenschutzerkl\u00e4rung definiert die Regeln f\u00fcr die Speicherung von und den Zugriff auf Informationen auf den Ger\u00e4ten des Benutzers mittels Cookies, die f\u00fcr die Erbringung von Dienstleistungen verwendet werden, die auf elektronischem Wege vom Benutzer angefordert werden, durch J\u0119drzej Kistowski Firma Kistowski Stwanki Nr. 2, 64-130 Rydzyna, NIP:. 69719230871.<\/span><\/p>\n<ol>\n<li><strong> Definitionen<\/strong>:\n<ol>\n<li>Administrator &#8211; bedeutet J\u0119drzej Kistowski Firma Kistowski Stwanki Nr. 2, 64-130 Rydzyna, NIP: 6971923087, die der Verwalter der pers\u00f6nlichen Daten ist, Informationen in den Ger\u00e4ten des Benutzers speichert und auf sie zugreift und Dienstleistungen elektronisch anbietet.<\/li>\n<li>Cookies &#8211; bezeichnet IT-Daten, insbesondere kleine Textdateien, die auf den Ger\u00e4ten, \u00fcber die der Nutzer die Website nutzt, gespeichert und aufbewahrt werden.<\/li>\n<li>Administrator-Cookies &#8211; bezeichnet vom Administrator gesetzte Cookies, die sich auf die elektronische Bereitstellung von Dienstleistungen durch den Administrator \u00fcber den Dienst beziehen.<\/li>\n<li>Externe Cookies &#8211; bedeutet Cookies, die von den Partnern des Administrators \u00fcber die Service-Website platziert werden.<\/li>\n<li>Service &#8211; bezeichnet die Website, unter der der Administrator den Internetdienst unter der Domain https:\/\/www.kistowski.shop\/ betreibt.<\/li>\n<li>Ger\u00e4t &#8211; bezeichnet ein elektronisches Ger\u00e4t, durch das der Benutzer Zugang zum Dienst erh\u00e4lt.<\/li>\n<li>Nutzer &#8211; bezeichnet eine Einrichtung, zu deren Gunsten gem\u00e4\u00df den gesetzlichen Bestimmungen Dienstleistungen elektronisch erbracht werden k\u00f6nnen oder mit der eine Vereinbarung \u00fcber die elektronische Erbringung von Dienstleistungen geschlossen werden kann, die dem Verwalter durch den Dienst personenbezogene Daten anvertraut hat.<\/li>\n<\/ol>\n<\/li>\n<li><strong>Zwecke, Bedingungen f\u00fcr die Speicherung und Verarbeitung personenbezogener Daten und Cookies<\/strong>\n<ol>\n<li>Die Verarbeitung personenbezogener Daten findet statt:\n<ul>\n<li>um vertragliche Verpflichtungen zu erf\u00fcllen,<\/li>\n<li>um gesetzliche Verpflichtungen zu erf\u00fcllen,<\/li>\n<li>f\u00fcr Zwecke, die sich aus legitimen Interessen des Verwalters oder eines Dritten ergeben.<\/li>\n<\/ul>\n<p>Die Verarbeitung personenbezogener Daten erfolgt in \u00dcbereinstimmung mit den einschl\u00e4gigen Rechtsakten &#8211; dem Gesetz zum Schutz personenbezogener Daten, dem Gesetz \u00fcber die Bereitstellung elektronischer Dienste sowie allen Arten von Exekutivakten und Rechtsakten der Europ\u00e4ischen Union.<\/li>\n<li>Personenbezogene Daten werden auf der Grundlage der vom Benutzer erteilten Einwilligung und in den F\u00e4llen verarbeitet, in denen die gesetzlichen Bestimmungen den Verwalter zur Verarbeitung personenbezogener Daten auf der Grundlage der gesetzlichen Bestimmungen oder zum Zwecke der Ausf\u00fchrung eines zwischen den Parteien geschlossenen Vertrags erm\u00e4chtigen.<\/li>\n<li>Der Dienst erf\u00fcllt die Funktionen der Informationsbeschaffung \u00fcber Benutzer und deren Verhalten auf folgende Weise:\n<ul>\n<li>durch freiwillig in die Formulare eingegebene Informationen,<\/li>\n<li>durch das Sammeln von &#8220;Cookies&#8221;.<\/li>\n<\/ul>\n<\/li>\n<li>Der Dienst sammelt Informationen, die vom Benutzer freiwillig zur Verf\u00fcgung gestellt werden.<\/li>\n<li>Die im Formular angegebenen Daten werden f\u00fcr den Zweck verarbeitet, der sich aus der Funktion eines bestimmten Formulars ergibt, z.B. zur Abwicklung des Informationskontakts.<\/li>\n<li>Personenbezogene Daten, die im Dienst hinterlassen wurden, d\u00fcrfen ohne Zustimmung des Benutzers weder verkauft noch Dritten zug\u00e4nglich gemacht werden.<\/li>\n<li>Die im Formular enthaltenen Daten m\u00fcssen der nat\u00fcrlichen Person zug\u00e4nglich sein, die das Formular ausgef\u00fcllt hat. Eine solche Person hat auch das Recht, ihre Daten jederzeit zu \u00e4ndern und die Verarbeitung ihrer Daten einzustellen.<\/li>\n<li>Der Dienst kann Links zu anderen Websites enthalten. Solche Websites funktionieren unabh\u00e4ngig vom Dienst und werden in keiner Weise von https:\/\/www.kistowski.shop\/ \u00fcberwacht. Diese Websites haben m\u00f6glicherweise ihre eigenen Datenschutzrichtlinien und -bestimmungen, deren Lekt\u00fcre wir Ihnen empfehlen. Im Zweifelsfall zu einer der Bestimmungen dieser Datenschutzrichtlinie stehen wir Ihnen zur Verf\u00fcgung.<\/li>\n<li>Die Datenschutzrichtlinie kann vom Administrator in Zukunft ge\u00e4ndert werden.<\/li>\n<\/ol>\n<\/li>\n<li><strong>Verarbeitung personenbezogener Daten<\/strong>\n<ol>\n<li>Der Datenverwalter verarbeitet die pers\u00f6nlichen Daten der Benutzer in erster Linie zu dem Zweck und in dem Umfang, der f\u00fcr die Nutzung des Dienstes, die Erteilung von Bestellungen und den Abschluss von Vertr\u00e4gen mit dem Verwalter erforderlich ist.<\/li>\n<li><span style=\"font-weight: 400;\">Pers\u00f6nliche Daten werden w\u00e4hrend des Bestellvorgangs gesammelt. Diese Daten sind:<\/span>\n<ul>\n<li><span style=\"font-weight: 400;\">Name oder Firmenname,<\/span><\/li>\n<li><span style=\"font-weight: 400;\">Anschrift,\u00a0<\/span><\/li>\n<li><span style=\"font-weight: 400;\">PESEL oder NIP,\u00a0<\/span><\/li>\n<li><span style=\"font-weight: 400;\">die Telefonnummer,<\/span><\/li>\n<li><span style=\"font-weight: 400;\">E-Mail-Adresse (E-Mail-Adresse)<\/span><\/li>\n<\/ul>\n<\/li>\n<li>Der Administrator kann die Daten der Benutzer zu Marketingzwecken verarbeiten, vorausgesetzt, dass der Benutzer seine gesonderte Zustimmung erteilt.<\/li>\n<li>Der Administrator kann die Daten der Benutzer f\u00fcr statistische Zwecke verarbeiten, um die Dienstleistungen und das Angebot des Dienstes aufrechtzuerhalten und zu verbessern, damit die Bed\u00fcrfnisse der Benutzer befriedigt werden k\u00f6nnen.<\/li>\n<li>Die Empf\u00e4nger von personenbezogenen Daten k\u00f6nnen Mitarbeiter des Administrators, Kurierdienste, Zahlungsinstitute, IT-Dienstleister (z.B. Server- und Softwareanbieter, Programmierer), Anbieter von Buchhaltungsdiensten sein.<\/li>\n<li>Die Daten werden f\u00fcr den von den Steuervorschriften geforderten Zeitraum gespeichert, erh\u00f6ht um die Verj\u00e4hrungsfrist m\u00f6glicher Anspr\u00fcche sowohl des Verwalters als auch des Kunden.<\/li>\n<li>Der Nutzer hat das Recht, personenbezogene Daten zu erg\u00e4nzen, zu aktualisieren, zu korrigieren, vor\u00fcbergehend oder dauerhaft auszusetzen oder zu l\u00f6schen, wenn sie unvollst\u00e4ndig, veraltet, unwahr oder gesetzeswidrig erhoben wurden oder f\u00fcr den Zweck, f\u00fcr den sie erhoben wurden, nicht mehr erforderlich sind.<\/li>\n<li>Der f\u00fcr die Datenverarbeitung Verantwortliche beh\u00e4lt sich das Recht vor, die L\u00f6schung der Daten des Benutzers abzulehnen, wenn deren Aufbewahrung f\u00fcr die Realisierung von Anspr\u00fcchen notwendig ist oder wenn dies nach geltendem Recht erforderlich ist.<\/li>\n<li>Zu pers\u00f6nlichen Daten, die vom Datenverwalter gesammelt wurden, haben nur autorisierte Mitarbeiter oder Mitarbeiter des Datenverwalters und autorisierte Personen, die mit der Wartung des Dienstes befasst sind und denen entsprechende Vollmachten erteilt wurden, direkten Zugang.<\/li>\n<li>Pers\u00f6nliche Daten der Benutzer k\u00f6nnen den Stellen zur Verf\u00fcgung gestellt werden, die nach den verbindlichen gesetzlichen Bestimmungen zum Empfang dieser Daten berechtigt sind, insbesondere den zust\u00e4ndigen Justizbeh\u00f6rden.<\/li>\n<li>Der Datenverwalter erkl\u00e4rt, dass er die pers\u00f6nlichen Daten der Benutzer in \u00dcbereinstimmung mit dem Gesetz vom 10. Mai 2018 verarbeitet. 3.10. Der f\u00fcr die Datenverarbeitung Verantwortliche erkl\u00e4rt, dass er die personenbezogenen Daten der Nutzer gem\u00e4\u00df dem Gesetz vom 10. Mai 2018 \u00fcber den Schutz personenbezogener Daten und der Verordnung (EU) 2016\/679 des Europ\u00e4ischen Parlaments und des Rates vom 27. April 2016 zum Schutz nat\u00fcrlicher Personen bei der Verarbeitung personenbezogener Daten und zum freien Datenverkehr und zur Aufhebung der Richtlinie 95\/46\/EG (Allgemeine Datenschutzverordnung &#8211; TODO) so verarbeitet, dass der Zugang Dritter verhindert wird. Der f\u00fcr die Verarbeitung Verantwortliche wendet technische und organisatorische Ma\u00dfnahmen an, um den Schutz der verarbeiteten Daten entsprechend den Risiken und Kategorien der zu sch\u00fctzenden Daten zu gew\u00e4hrleisten, und sch\u00fctzt insbesondere die personenbezogenen Daten der Nutzer vor unbefugtem Zugriff, Verlust oder Besch\u00e4digung.<\/li>\n<\/ol>\n<\/li>\n<li><strong>Cookie-Richtlinie<\/strong>\n<ol>\n<li>Der vom Administrator betriebene Dienst verwendet &#8220;Cookies&#8221;-Dateien. Wenn der Benutzer die Einstellungen des Browsers nicht \u00e4ndert, ist dies gleichbedeutend mit der Zustimmung zu ihrer Verwendung. Cookie-Dateien werden auf dem Ger\u00e4t platziert, das der Benutzer zum Durchsuchen des Dienstes verwendet, um Informationen \u00fcber seine Besuche beim Dienst zu sammeln. Einige Informationen sind notwendig, damit die Website richtig funktioniert.<\/li>\n<li>Was sind &#8220;Cookies&#8221; und wof\u00fcr werden sie verwendet?<br \/>\nCookies sind kleine Textdateien, die auf dem Endger\u00e4t des Benutzers (Computer, Notebook, Tablet, Smartphone usw.) beim Surfen auf einigen Websites gespeichert werden. Wir verwenden Cookies beispielsweise, um festzustellen, ob Sie uns zum ersten Mal besuchen, oder um festzustellen, welche Funktionen unserer Website f\u00fcr Sie von besonderem Interesse sein k\u00f6nnten. Diese Dateien k\u00f6nnen die Nutzung unserer Website erheblich verbessern, indem sie Ihre Pr\u00e4ferenzen bei Ihrem Besuch speichern. In den meisten Webbrowsern erfahren Sie, wie Sie die Annahme neuer Cookies blockieren k\u00f6nnen und wie Sie bestehende Cookies blockieren k\u00f6nnen. Sie sollten jedoch beachten, dass Sie m\u00f6glicherweise nicht die volle Funktionalit\u00e4t der Website nutzen k\u00f6nnen, wenn Sie keine Cookies von Ihrer Website akzeptieren.<\/li>\n<li>Welche Art von &#8220;Cookies&#8221; werden von der Website verwendet?<br \/>\nDie Website verwendet drei Arten von &#8220;Cookies&#8221;: &#8220;Sitzungs-&#8220;, &#8220;permanente&#8221; und &#8220;analytische&#8221; Cookies.<\/p>\n<ul>\n<li><span style=\"font-weight: 400;\">&#8220;Session&#8221;-Cookies sind tempor\u00e4re Dateien, die auf Ihrem Endger\u00e4t gespeichert werden, bis Sie sich abmelden (den Shop verlassen).\u00a0<\/span><\/li>\n<li><span style=\"font-weight: 400;\">&#8220;Permanente&#8221; &#8220;Cookies&#8221; werden auf dem Endger\u00e4t des Benutzers f\u00fcr die in den Parametern der &#8220;Cookies&#8221; angegebene Zeit oder bis zu ihrer L\u00f6schung durch den Benutzer gespeichert.\u00a0<\/span><\/li>\n<li><span style=\"font-weight: 400;\">&#8220;Analytische&#8221; &#8220;Cookies&#8221; erm\u00f6glichen eine bessere Kenntnis der Art und Weise der Benutzerinteraktion im Bereich des Dienstinhalts und eine bessere Organisation seines Layouts. &#8220;Analytische&#8221; &#8220;Cookies&#8221; sammeln Informationen \u00fcber die Art und Weise der Nutzung des Dienstes durch den Benutzer, die Art der Seite, von der der Benutzer umgeleitet wurde, und die Anzahl der Besuche und die Zeit des Besuchs des Benutzers beim Dienst. Diese Informationen zeichnen keine spezifischen pers\u00f6nlichen Daten des Benutzers auf, sondern dienen der Entwicklung von Statistiken \u00fcber die Nutzung des Dienstes.\u00a0<\/span><\/li>\n<\/ul>\n<\/li>\n<li>Der Benutzer hat das Recht, \u00fcber den Zugriff von Cookies auf seinen Computer zu entscheiden, indem er sie im Fenster seines Browsers ausw\u00e4hlt. Ausf\u00fchrliche Informationen \u00fcber die M\u00f6glichkeiten und Wege des Umgangs mit Cookies finden Sie in den Einstellungen der Software (Internet-Browser).<\/li>\n<li>Cookies speichern keine pers\u00f6nlichen Daten der Benutzer des Dienstes.<\/li>\n<li>Zus\u00e4tzliche Informationen zu den im Dienst verwendeten Cookie-Dateien:\n<ol>\n<li>Erforderliche Cookies:<br \/>\nCookies dieser Art erm\u00f6glichen es Ihnen, sich auf https:\/\/www.kistowski.shop\/ frei zu bewegen und alle Funktionen der Website zu nutzen, wie z.B. den Zugang zu gesch\u00fctzten Bereichen der Website (nach dem Einloggen). Das Fehlen dieser Dateien macht es u.a. unm\u00f6glich, die Shopping-Funktion zu nutzen.<\/li>\n<li>Cookies im Zusammenhang mit der Verbesserung der Leistung:<br \/>\nDiese Arten von Cookies sammeln Informationen dar\u00fcber, wie der Benutzer die Site nutzt, z.B. welche Seiten er am h\u00e4ufigsten besucht und ob er Fehlermeldungen von den Sites erh\u00e4lt. Alle auf diese Weise gesammelten Informationen sind aggregiert und anonym und werden nur zur Verbesserung des Betriebs der Website und f\u00fcr statistische Zwecke verwendet.<\/li>\n<li>Cookies im Zusammenhang mit der Funktionalit\u00e4t:<br \/>\nCookies dieser Art erm\u00f6glichen es der Website, sich an die vom Benutzer getroffenen Entscheidungen zu erinnern und bieten verbesserte, st\u00e4rker personalisierte Funktionen (z.B. wie Produkte auf der Website angezeigt und pr\u00e4sentiert werden). Diese Arten von Cookies k\u00f6nnen auch verwendet werden, um \u00c4nderungen an Textgr\u00f6\u00dfe, Schriftarten und anderen anpassbaren Elementen der Website zu speichern. Sie k\u00f6nnen auch verwendet werden, um von Ihnen angeforderte Dienste bereitzustellen, wie z.B. das Hinzuf\u00fcgen von Kommentaren zu einem Forum. Die auf diese Weise gesammelten Dateien und Informationen sind m\u00f6glicherweise anonym und k\u00f6nnen nicht dazu verwendet werden, Ihre Aktivit\u00e4ten auf anderen Websites zu verfolgen.<\/li>\n<li>Cookies im Zusammenhang mit Targeting und Werbung:<br \/>\nAuf der Grundlage dieser Dateien zeigen die Websites den Benutzern Werbung an, die f\u00fcr sie von Interesse sein k\u00f6nnte. Die Dateien werden auch dazu verwendet, die Anzahl der Impressionen einer bestimmten Werbung zu begrenzen und die Wirksamkeit von Werbema\u00dfnahmen zu messen. Sie werden in der Regel von Netzwerken und Werbeagenturen mit unserer Zustimmung platziert. Sie erinnern sich daran, dass ein Benutzer eine bestimmte Website besucht hat, und stellen diese Informationen anderen Organisationen, z.B. Werbetreibenden, zur Verf\u00fcgung.<\/li>\n<\/ol>\n<\/li>\n<\/ol>\n<\/li>\n<li><strong>\u00dcbermittlung von pers\u00f6nlichen Daten an Online-Zahlungsanbieter:<\/strong>\n<ol>\n<li>Pers\u00f6nliche Daten werden an Dritte weitergegeben, wenn der Nutzer sich daf\u00fcr entscheidet, mit Online-Zahlungsanbietern als Zahlungsmethode zu bezahlen.<\/li>\n<li>Der Administrator arbeitet mit den folgenden Stellen zusammen, die Online-Zahlungen vornehmen:<br \/>\nDotpay Sp. z o.o. mit Sitz in Krakau, 30-552 Krakau, Wielicka-Stra\u00dfe 28b, eingetragen beim Bezirksgericht Krakau-\u015ar\u00f3dmie\u015bcie in Krakau, XI Wirtschaftsabteilung des Landesgerichtsregisters unter der Nummer 0000700791, mit der Umsatzsteuer-Identifikationsnummer 634-26-61-860, EU-Umsatzsteuer-Identifikationsnummer PL6342661860, REGON-Nummer 240770255 und einem Aktienkapital von 4.000.000,00 PLN, das vollst\u00e4ndig in bar eingezahlt wurde.<\/li>\n<li>Die \u00dcbermittlung personenbezogener Daten erfolgt auf der Grundlage von Standardvertragsklauseln, die als &#8220;Privacy Shield&#8221; bezeichnet werden und ein angemessenes Schutzniveau bieten.<\/li>\n<li>Kategorien der zu \u00fcbertragenden personenbezogenen Daten:\n<ul>\n<li><span style=\"font-weight: 400;\">IP-Adressen,\u00a0<\/span><\/li>\n<li><span style=\"font-weight: 400;\">eindeutige Identifikatoren, die mit dem vom Kunden verwendeten Browser verbunden sind (d.h. Cookies),\u00a0<\/span><\/li>\n<li><span style=\"font-weight: 400;\">Art und Einstellungen von Browser und Ger\u00e4t,\u00a0<\/span><\/li>\n<li><span style=\"font-weight: 400;\">Aktivit\u00e4t unter https:\/\/www.kistowski.shop\/,\u00a0<\/span><\/li>\n<li><span style=\"font-weight: 400;\">die Quellen der Besuche,\u00a0<\/span><\/li>\n<li><span style=\"font-weight: 400;\">Informationen \u00fcber K\u00e4ufe, Zahlungsmittel und Lieferung.<\/span><\/li>\n<\/ul>\n<\/li>\n<\/ol>\n<\/li>\n<li><strong>Das Recht auf Kontrolle, Zugang und Berichtigung des Inhalts der eigenen Daten<\/strong>\n<ol>\n<li>Die betroffene Person hat das Recht auf Zugang zum Inhalt ihrer personenbezogenen Daten und das Recht auf Berichtigung, L\u00f6schung, Einschr\u00e4nkung der Verarbeitung, das Recht auf Daten\u00fcbertragbarkeit, das Widerspruchsrecht, das Recht, die Einwilligung jederzeit zu widerrufen, ohne dass die Rechtm\u00e4\u00dfigkeit der auf der Grundlage der Einwilligung vor dem Widerruf durchgef\u00fchrten Verarbeitung beeintr\u00e4chtigt wird.<\/li>\n<li>Zur Aus\u00fcbung der in Absatz 1 genannten Rechte und zur Meldung von Ereignissen, die die Sicherheit der Informations\u00fcbertragung beeintr\u00e4chtigen, kann eine entsprechende E-Mail an folgende Adresse geschickt werden: kontakt@kistowski.shop.<\/li>\n<li>Die betroffene Person hat das Recht, bei der Aufsichtsbeh\u00f6rde, namentlich beim Pr\u00e4sidenten des Amtes f\u00fcr den Schutz personenbezogener Daten, eine Beschwerde einzureichen.<\/li>\n<\/ol>\n<\/li>\n<li><strong>Schlussbestimmungen<\/strong>\n<ol>\n<li>Der f\u00fcr die Verarbeitung Verantwortliche wendet technische und organisatorische Ma\u00dfnahmen an, die den Schutz der verarbeiteten personenbezogenen Daten entsprechend den Risiken und Kategorien von Daten, die unter den Schutz fallen, gew\u00e4hrleisten; insbesondere sch\u00fctzt er die Daten vor unbefugtem Zugriff, vor der Entnahme durch Unbefugte, vor einer Verarbeitung unter Verletzung der geltenden Vorschriften sowie vor \u00c4nderung, Verlust, Besch\u00e4digung oder Zerst\u00f6rung.<\/li>\n<li>Der Administrator muss geeignete technische Mittel zur Verf\u00fcgung stellen, die verhindern, dass Unbefugte personenbezogene Daten, die auf elektronischem Wege \u00fcbermittelt werden, erfassen und \u00e4ndern k\u00f6nnen.<\/li>\n<li>In Angelegenheiten, die in dieser Datenschutzerkl\u00e4rung nicht geregelt sind, gelten die Bestimmungen der Verordnung (EU) 2016\/679 des Europ\u00e4ischen Parlaments und des Rates vom 27. April 2016 zum Schutz nat\u00fcrlicher Personen bei der Verarbeitung personenbezogener Daten und zum freien Datenverkehr und zur Aufhebung der Richtlinie 95\/46\/EG (COD) sowie andere einschl\u00e4gige Bestimmungen des polnischen Rechts entsprechend.<\/li>\n<li>Der Administrator verpflichtet sich, diese Datenschutzrichtlinie regelm\u00e4\u00dfig zu \u00fcberpr\u00fcfen und sie zu \u00e4ndern, wenn dies notwendig oder w\u00fcnschenswert ist: neue gesetzliche Regelungen, neue Richtlinien der f\u00fcr die \u00dcberwachung von Prozessen zum Schutz personenbezogener Daten zust\u00e4ndigen Beh\u00f6rden, bew\u00e4hrte Praktiken, die im Bereich des Schutzes personenbezogener Daten angewandt werden. Der Administrator beh\u00e4lt sich auch das Recht vor, diese Datenschutzrichtlinie im Falle von \u00c4nderungen der Technologie, mit der er pers\u00f6nliche Daten verarbeitet, zu \u00e4ndern, und die \u00c4nderung dieser Richtlinie wirkt sich auf den Wortlaut dieser Richtlinie aus, sowie im Falle von \u00c4nderungen der Art und Weise, des Zwecks oder der rechtlichen Grundlage der Verarbeitung pers\u00f6nlicher Daten.<\/li>\n<\/ol>\n<\/li>\n<\/ol>\n<ul>\n<li style=\"list-style-type: none;\"><\/li>\n<\/ul>\n","protected":false},"excerpt":{"rendered":"<p>Die vorliegende Datenschutzerkl\u00e4rung definiert die Regeln f\u00fcr die Speicherung von und den Zugriff auf Informationen auf den Ger\u00e4ten des Benutzers mittels Cookies, die f\u00fcr die Erbringung von Dienstleistungen verwendet werden, die auf elektronischem Wege vom Benutzer angefordert werden, durch J\u0119drzej Kistowski Firma Kistowski Stwanki Nr. 2, 64-130 Rydzyna, NIP:. 69719230871. Definitionen: Administrator &#8211; bedeutet J\u0119drzej [&hellip;]<\/p>\n","protected":false},"author":1,"featured_media":448,"parent":0,"menu_order":20,"comment_status":"closed","ping_status":"closed","template":"","meta":[],"_links":{"self":[{"href":"https:\/\/kistowski.shop\/de\/wp-json\/wp\/v2\/pages\/488"}],"collection":[{"href":"https:\/\/kistowski.shop\/de\/wp-json\/wp\/v2\/pages"}],"about":[{"href":"https:\/\/kistowski.shop\/de\/wp-json\/wp\/v2\/types\/page"}],"author":[{"embeddable":true,"href":"https:\/\/kistowski.shop\/de\/wp-json\/wp\/v2\/users\/1"}],"replies":[{"embeddable":true,"href":"https:\/\/kistowski.shop\/de\/wp-json\/wp\/v2\/comments?post=488"}],"version-history":[{"count":2,"href":"https:\/\/kistowski.shop\/de\/wp-json\/wp\/v2\/pages\/488\/revisions"}],"predecessor-version":[{"id":1928,"href":"https:\/\/kistowski.shop\/de\/wp-json\/wp\/v2\/pages\/488\/revisions\/1928"}],"wp:featuredmedia":[{"embeddable":true,"href":"https:\/\/kistowski.shop\/de\/wp-json\/wp\/v2\/media\/448"}],"wp:attachment":[{"href":"https:\/\/kistowski.shop\/de\/wp-json\/wp\/v2\/media?parent=488"}],"curies":[{"name":"wp","href":"https:\/\/api.w.org\/{rel}","templated":true}]}}