{"id":460,"date":"2020-07-07T21:47:12","date_gmt":"2020-07-07T19:47:12","guid":{"rendered":"https:\/\/kistowski.shop\/?page_id=460"},"modified":"2020-07-07T21:47:33","modified_gmt":"2020-07-07T19:47:33","slug":"about-us","status":"publish","type":"page","link":"https:\/\/kistowski.shop\/de\/about-us\/","title":{"rendered":"\u00dcber uns"},"content":{"rendered":"<p>Die von unserem Unternehmen angebotenen Getriebe unterliegen einem vollst\u00e4ndigen Regenerationsprozess und nicht, wie bei vielen anderen Anbietern, die nur eine Teilregeneration durchf\u00fchren, oft an gebrauchten Ersatzteilen.<\/p>\n<p>Deshalb ist das in unserem Unternehmen gekaufte Getriebe wieder im Werkszustand und von h\u00f6chster Qualit\u00e4t, da wir f\u00fcr den Regenerationsprozess neue Ersatzteile von renommierten Lieferanten wie FAG, INA, SKF, Timken verwenden.<\/p>\n<p>Aufgearbeitetes Getriebe wird nur im Austausch gegen Ihr besch\u00e4digtes Getriebe verkauft. Am vorteilhaftesten ist es, wenn Ihr Getriebe zerlegt ist und bei Lieferung eines neuen Getriebes zur Abholung bereit steht, dann ersparen Sie sich die Kosten f\u00fcr die R\u00fccksendung des besch\u00e4digten Getriebes und m\u00fcssen keine Kaution hinterlegen.<\/p>\n<p>Getriebe werden &#8220;trocken&#8221;, d.h. nicht mit Getriebe\u00f6l bef\u00fcllt, geliefert. Auch ein defektes Ersatzgetriebe muss vom \u00d6l entleert werden.<\/p>\n","protected":false},"excerpt":{"rendered":"<p>Die von unserem Unternehmen angebotenen Getriebe unterliegen einem vollst\u00e4ndigen Regenerationsprozess und nicht, wie bei vielen anderen Anbietern, die nur eine Teilregeneration durchf\u00fchren, oft an gebrauchten Ersatzteilen. Deshalb ist das in unserem Unternehmen gekaufte Getriebe wieder im Werkszustand und von h\u00f6chster Qualit\u00e4t, da wir f\u00fcr den Regenerationsprozess neue Ersatzteile von renommierten Lieferanten wie FAG, INA, SKF, [&hellip;]<\/p>\n","protected":false},"author":1,"featured_media":418,"parent":0,"menu_order":2,"comment_status":"closed","ping_status":"closed","template":"inc\/template-about.php","meta":[],"_links":{"self":[{"href":"https:\/\/kistowski.shop\/de\/wp-json\/wp\/v2\/pages\/460"}],"collection":[{"href":"https:\/\/kistowski.shop\/de\/wp-json\/wp\/v2\/pages"}],"about":[{"href":"https:\/\/kistowski.shop\/de\/wp-json\/wp\/v2\/types\/page"}],"author":[{"embeddable":true,"href":"https:\/\/kistowski.shop\/de\/wp-json\/wp\/v2\/users\/1"}],"replies":[{"embeddable":true,"href":"https:\/\/kistowski.shop\/de\/wp-json\/wp\/v2\/comments?post=460"}],"version-history":[{"count":0,"href":"https:\/\/kistowski.shop\/de\/wp-json\/wp\/v2\/pages\/460\/revisions"}],"wp:featuredmedia":[{"embeddable":true,"href":"https:\/\/kistowski.shop\/de\/wp-json\/wp\/v2\/media\/418"}],"wp:attachment":[{"href":"https:\/\/kistowski.shop\/de\/wp-json\/wp\/v2\/media?parent=460"}],"curies":[{"name":"wp","href":"https:\/\/api.w.org\/{rel}","templated":true}]}}